{"id":812,"date":"2015-05-12T15:24:43","date_gmt":"2015-05-12T13:24:43","guid":{"rendered":"https:\/\/www.violot-guillemard.fr\/?page_id=812"},"modified":"2015-05-12T15:24:59","modified_gmt":"2015-05-12T13:24:59","slug":"contact-us","status":"publish","type":"page","link":"https:\/\/www.violot-guillemard.fr\/en\/contact-us\/","title":{"rendered":"contact us"},"content":{"rendered":"<div style=\"height: 244px;\">\n<div class=\"col gu16 pdl pdr\">\n<h2>CONTACT<\/h2>\n<p>Domaine Thierry VIOLOT-GUILLEMARD<br \/>\nMaison d&#8217;h\u00f4tes &#038; Vins de la Propri\u00e9t\u00e9<br \/>\n7 Rue Sainte-Marguerite,\u00a021630 POMMARD<br \/>\nTel: (+33) 380 22 49 98 &#8211; Fax: (+33) 380 22 94 40<\/p>\n<p><a href=\"mailto:contact@violot-guillemard.fr\">contact@violot-guillemard.fr<\/a>\n<\/div>\n<\/div>\n<p style=\"padding-bottom: 0;\"><iframe width=\"1088\" height=\"544\" frameborder=\"0\" scrolling=\"no\" marginheight=\"0\" marginwidth=\"0\" src=\"https:\/\/maps.google.fr\/maps?f=q&amp;source=s_q&amp;hl=fr&amp;geocode=&amp;q=7+Rue+Sainte-Marguerite,+21630+Pommard&amp;aq=0&amp;oq=7+rue+sainte-marguerite+21630+pommard&amp;sll=46.22475,2.0517&amp;sspn=26.060294,67.631836&amp;ie=UTF8&amp;hq=&amp;hnear=7+Rue+Sainte-Marguerite,+21630+Pommard,+C%C3%B4te-d'Or,+Bourgogne&amp;t=m&amp;ll=47.008177,4.794588&amp;spn=0.031839,0.093298&amp;z=14&amp;iwloc=A&amp;output=embed\"><\/iframe><\/p>\n","protected":false},"excerpt":{"rendered":"","protected":false},"author":2,"featured_media":0,"parent":0,"menu_order":0,"comment_status":"open","ping_status":"closed","template":"","meta":{"_acf_changed":false,"ngg_post_thumbnail":0,"footnotes":""},"class_list":["post-812","page","type-page","status-publish","hentry"],"acf":[],"_links":{"self":[{"href":"https:\/\/www.violot-guillemard.fr\/en\/wp-json\/wp\/v2\/pages\/812","targetHints":{"allow":["GET"]}}],"collection":[{"href":"https:\/\/www.violot-guillemard.fr\/en\/wp-json\/wp\/v2\/pages"}],"about":[{"href":"https:\/\/www.violot-guillemard.fr\/en\/wp-json\/wp\/v2\/types\/page"}],"author":[{"embeddable":true,"href":"https:\/\/www.violot-guillemard.fr\/en\/wp-json\/wp\/v2\/users\/2"}],"replies":[{"embeddable":true,"href":"https:\/\/www.violot-guillemard.fr\/en\/wp-json\/wp\/v2\/comments?post=812"}],"version-history":[{"count":1,"href":"https:\/\/www.violot-guillemard.fr\/en\/wp-json\/wp\/v2\/pages\/812\/revisions"}],"predecessor-version":[{"id":813,"href":"https:\/\/www.violot-guillemard.fr\/en\/wp-json\/wp\/v2\/pages\/812\/revisions\/813"}],"wp:attachment":[{"href":"https:\/\/www.violot-guillemard.fr\/en\/wp-json\/wp\/v2\/media?parent=812"}],"curies":[{"name":"wp","href":"https:\/\/api.w.org\/{rel}","templated":true}]}}